{"id":69,"date":"2020-10-05T19:22:21","date_gmt":"2020-10-05T17:22:21","guid":{"rendered":"http:\/\/brunopolis.eu\/?page_id=69"},"modified":"2020-11-01T14:08:19","modified_gmt":"2020-11-01T13:08:19","slug":"ueber-den-verein","status":"publish","type":"page","link":"https:\/\/brunopolis.eu\/de\/ueber-den-verein\/","title":{"rendered":"\u00dcber den Verein"},"content":{"rendered":"\n<div class=\"wp-block-image\"><figure class=\"alignright\"><a href=\"http:\/\/brunopolis.eu\/wp-content\/uploads\/2020\/10\/Ansichtskarte.jpg\"><img loading=\"lazy\" decoding=\"async\" width=\"400\" height=\"253\" src=\"http:\/\/brunopolis.eu\/wp-content\/uploads\/2020\/10\/Ansichtskarte.jpg\" alt=\"\" class=\"wp-image-164\" srcset=\"https:\/\/brunopolis.eu\/wp-content\/uploads\/2020\/10\/Ansichtskarte.jpg 400w, https:\/\/brunopolis.eu\/wp-content\/uploads\/2020\/10\/Ansichtskarte-300x190.jpg 300w\" sizes=\"auto, (max-width: 400px) 100vw, 400px\" \/><\/a><figcaption><em>Bildpostkarte, datiert 1912.<\/em> <em>\u00a9<\/em> <em>Stadtarchiv Bruneck.<\/em><\/figcaption><\/figure><\/div>\n\n\n\n<p>1. Der Verein BRUNOPOLIS ist \u00fcberparteiisch und \u00fcberkonfessionell; er st\u00fctzt sich bei der Umsetzung seiner institutionellen und seiner Vereinst\u00e4tigkeit auf die Grunds\u00e4tze der Demokratie, sozialen Teilhabe und Ehrenamtlichkeit.<\/p>\n\n\n\n<p>2. Der Verein verfolgt ohne Gewinnabsicht zivilgesellschaftliche, solidarische, gemeinn\u00fctzige Ziele, dadurch dass er ausschlie\u00dflich oder haupts\u00e4chlich eine oder mehrere T\u00e4tigkeiten im allgemeinen Interesse zugunsten Dritter aus\u00fcbt.<\/p>\n\n\n\n<p>3. Der Verein BRUNOPOLIS ist im folgenden Bereich t\u00e4tig:<\/p>\n\n\n\n<ul class=\"wp-block-list\"><li>Organisation und Aus\u00fcbung von kulturellen, k\u00fcnstlerischen oder Freizeitaktivit\u00e4ten von sozialem Interesse einschlie\u00dflich Verlagst\u00e4tigkeiten zur F\u00f6rderung und Verbreitung der Kultur und der Praxis der ehrenamtlichen T\u00e4tigkeit und von T\u00e4tigkeiten im allgemeinen Interesse gem\u00e4\u00df diesem Artikel.<\/li><\/ul>\n\n\n\n<p>4. Der Verein BRUNOPOLIS setzt sich folgende Ziele:<\/p>\n\n\n\n<ul class=\"wp-block-list\"><li>Erforschung und Vermittlung von Geschichte<\/li><\/ul>\n\n\n\n<ul class=\"wp-block-list\"><li>Verbreitung der Forschungsergebnisse und Weckung des Interesses f\u00fcr historische Fragen, die die Stadtgemeinde Bruneck und die mit ihr geschichtlich verbundene Region betreffen aber auch dar\u00fcber hinaus \u00fcberregionale historische Daten und Ereignisse zum Inhalt haben<\/li><\/ul>\n\n\n\n<ul class=\"wp-block-list\"><li>Unterst\u00fctzung von Projekten f\u00fcr den Erhalt des kulturellen Erbes in der Stadt Bruneck und die mit ihr geschichtlich verbundene Region<\/li><\/ul>\n\n\n\n<ul class=\"wp-block-list\"><li>Einsatz f\u00fcr die Bildung und Pflege des kulturellen Bewusstseins der obgenannten Region.<\/li><\/ul>\n\n\n\n<p><\/p>\n","protected":false},"excerpt":{"rendered":"<p>1. Der Verein BRUNOPOLIS ist \u00fcberparteiisch und \u00fcberkonfessionell; er st\u00fctzt sich bei der Umsetzung seiner institutionellen und seiner Vereinst\u00e4tigkeit auf die Grunds\u00e4tze der Demokratie, sozialen Teilhabe und Ehrenamtlichkeit. 2. Der Verein verfolgt ohne Gewinnabsicht zivilgesellschaftliche, solidarische, gemeinn\u00fctzige Ziele, dadurch dass er ausschlie\u00dflich oder haupts\u00e4chlich eine oder mehrere T\u00e4tigkeiten im allgemeinen Interesse zugunsten Dritter aus\u00fcbt. 3.&hellip;&nbsp;<a href=\"https:\/\/brunopolis.eu\/de\/ueber-den-verein\/\" rel=\"bookmark\">Weiterlesen &raquo;<span class=\"screen-reader-text\">\u00dcber den Verein<\/span><\/a><\/p>\n","protected":false},"author":1,"featured_media":0,"parent":0,"menu_order":0,"comment_status":"closed","ping_status":"closed","template":"","meta":{"neve_meta_sidebar":"","neve_meta_container":"","neve_meta_enable_content_width":"","neve_meta_content_width":0,"neve_meta_title_alignment":"","neve_meta_author_avatar":"","neve_post_elements_order":"","neve_meta_disable_header":"","neve_meta_disable_footer":"","neve_meta_disable_title":"","footnotes":""},"class_list":["post-69","page","type-page","status-publish","hentry"],"_links":{"self":[{"href":"https:\/\/brunopolis.eu\/de\/wp-json\/wp\/v2\/pages\/69","targetHints":{"allow":["GET"]}}],"collection":[{"href":"https:\/\/brunopolis.eu\/de\/wp-json\/wp\/v2\/pages"}],"about":[{"href":"https:\/\/brunopolis.eu\/de\/wp-json\/wp\/v2\/types\/page"}],"author":[{"embeddable":true,"href":"https:\/\/brunopolis.eu\/de\/wp-json\/wp\/v2\/users\/1"}],"replies":[{"embeddable":true,"href":"https:\/\/brunopolis.eu\/de\/wp-json\/wp\/v2\/comments?post=69"}],"version-history":[{"count":10,"href":"https:\/\/brunopolis.eu\/de\/wp-json\/wp\/v2\/pages\/69\/revisions"}],"predecessor-version":[{"id":359,"href":"https:\/\/brunopolis.eu\/de\/wp-json\/wp\/v2\/pages\/69\/revisions\/359"}],"wp:attachment":[{"href":"https:\/\/brunopolis.eu\/de\/wp-json\/wp\/v2\/media?parent=69"}],"curies":[{"name":"wp","href":"https:\/\/api.w.org\/{rel}","templated":true}]}}