{"id":421,"date":"2020-12-09T12:21:18","date_gmt":"2020-12-09T11:21:18","guid":{"rendered":"http:\/\/brunopolis.eu\/de\/?page_id=421"},"modified":"2025-11-25T15:59:35","modified_gmt":"2025-11-25T14:59:35","slug":"stampa","status":"publish","type":"page","link":"https:\/\/brunopolis.eu\/de\/it\/stampa\/","title":{"rendered":"Rassegna stampa"},"content":{"rendered":"<div class=\"wp-block-image\">\n<figure class=\"alignright size-full\"><img loading=\"lazy\" decoding=\"async\" width=\"400\" height=\"569\" src=\"http:\/\/brunopolis.eu\/wp-content\/uploads\/2024\/03\/Pustertaler_Bothe-1.jpg\" alt=\"\" class=\"wp-image-813\" srcset=\"https:\/\/brunopolis.eu\/wp-content\/uploads\/2024\/03\/Pustertaler_Bothe-1.jpg 400w, https:\/\/brunopolis.eu\/wp-content\/uploads\/2024\/03\/Pustertaler_Bothe-1-211x300.jpg 211w\" sizes=\"auto, (max-width: 400px) 100vw, 400px\" \/><figcaption class=\"wp-element-caption\"><em>Pusterthaler Bote, 5 gennaio 1877, pagina 1. Immagine: <a href=\"https:\/\/anno.onb.ac.at\/cgi-content\/anno?aid=pus&amp;datum=18770105&amp;zoom=33\">ANNO\/\u00d6sterreichische Nationalbibliothek<\/a>. <\/em><\/figcaption><\/figure>\n<\/div>\n\n\n<p>Neuer Blick auf die Stadtgeschichte, in: Dolomiten, 24.11.2025.<\/p>\n\n\n\n<p>150 Jahre alte Fotoansichten des Pustertals, in: Dolomiten, 24.02.2024.<\/p>\n\n\n\n<p>KunstGarage: c&#8217;\u00e8 Brunopolis, in: Alto Adige, 23.02.2024.<\/p>\n\n\n\n<p>L&#8217;Ottocento in Pusteria nelle foto di Lorent, in: Alto Adige, 20.02.2024.<\/p>\n\n\n\n<p>Notorischer Politikver\u00e4chter. Der Brunecker B\u00fcrger Paul Tschurtschenthaler \u2013 Eine Lebensskizze von Stefan Lechner. (Teil 3), in: Die neue S\u00fcdtiroler Tageszeitung, 17.02.2023, p. 20\u201321.<\/p>\n\n\n\n<p>Nationales Erweckungserlebnis. Der Brunecker B\u00fcrger Paul Tschurtschenthaler \u2013 Eine Lebensskizze von Stefan Lechner. (Teil 2), in: Die neue S\u00fcdtiroler Tageszeitung, 10.02.2023, p. 20\u201321.<\/p>\n\n\n\n<p>Laudator temporis acti und Heimatsch\u00fctzer. Der Brunecker B\u00fcrger Paul Tschurtschenthaler \u2013 Eine Lebensskizze von Stefan Lechner. (Teil 1), in: Die neue S\u00fcdtiroler Tageszeitung, 03.02.2023, p. 20\u201321.<\/p>\n\n\n\n<p>Paul Tschurtschenthaler. Der Verein Brunopolis pr\u00e4sentiert heute im Buchladen am Rienztor in Bruneck eine Ausstellung \u00fcber den Schriftsteller Paul Tschurtschenthaler, in: Die neue S\u00fcdtiroler Tageszeitung, 27.01.2023, p. 19.<\/p>\n\n\n\n<p>Im Zeichen der Tourismusgeschichte, in: Dolomiten, 18.06.2022.<\/p>\n\n\n\n<p>Gespr\u00e4chsabend und Vollversammlung, in: Bezirkszeitung Puschtra, no 1\u20132, 07.02.2022, p. 6\u20137.<\/p>\n\n\n\n<p>Der Blick nach vorne und zur\u00fcck, in: Pustertaler Zeitung, 24. Jg. (2021), <a href=\"https:\/\/www.pz-media.it\/inhalt\/2238-die-komplette-pustertaler-zeitung-online-_ausg-25-vom-22-12-2021.html\">no. 25, 22.12.2021<\/a>, p. 61. <\/p>\n\n\n\n<p>Sch\u00f6nere Stadt. 150 Jahre Fremdenverkehr in Bruneck: Der Verein Brunopolis denkt \u00fcber den Versch\u00f6nerungsverein nach, in: Die Neue S\u00fcdtiroler Tageszeitung, 15.12.2021, p. 18. <\/p>\n\n\n\n<p>Versch\u00f6nern, gestalten, vermakrten: Gespr\u00e4chsrunde zu 150 Jahren Fremdenverkehr in Bruneck &#8211; Jahresversammlung des Geschichtsvereins Brunopolis, in: Dolomiten, 15.12.2021. <\/p>\n\n\n\n<p>&#8222;Zur Ehre, zum Wohle und zur Annehmlichkeit&#8220;, in: Die neue S\u00fcdtiroler Tageszeitung online, 29.12.2020. <a href=\"https:\/\/www.tageszeitung.it\/2020\/12\/30\/zur-ehre-zum-wohle-und-zur-annehmlichkeit\/\">Link<\/a>.<\/p>\n\n\n\n<p>&#8222;Zur Ehre, zum Wohle und zur Annehmlichkeit&#8220;. Der 2019 gegr\u00fcndete Verein &#8222;Brunopolis&#8220; hat aus Anlass der 150. Wiederkehr der Gr\u00fcndung des Brunecker Stadtversch\u00f6nerungsvereins ein Buch herausgegeben, in: Neue S\u00fcdtiroler Tageszeitung, 23.12.2020 &#8211; No. 250, p. 16.<\/p>\n\n\n\n<p>Vor 150 Jahren fing alles an. R\u00fcckblick auf 150 Jahre Versch\u00f6nerungsverein Bruneck und dessen Gr\u00fcnder Johann Georg Mahl, in: Dolomiten, 07.12.2020.<\/p>\n\n\n\n<p>Marco Pellizzari: Brunico prima Pro Loco tirolese: un libro per i 150 anni, in: Alto Adige, 03.12.2020.<\/p>\n\n\n\n<p>150 Jahre Stadtversch\u00f6nerungsverein Bruneck: Aufbruch ins Gr\u00fcn, in: Pustertaler Zeitung, 23. Jg. (2020), Nr. 24, 03.12.2020, p. 46-47.<\/p>\n\n\n\n<p>Andreas Oberhofer: 1870: Aufbruch ins Gr\u00fcn. 150 Jahre Gr\u00fcndung des Stadtversch\u00f6nerungsvereins Bruneck \/ 1870: un passo nel verde. 150 anni dalla fondazione dello Stadtversch\u00f6nerungsverein Bruneck (Associazione pro loco), in: Info Seniores 25, Oktober \/ ottobre 2020, p. 8-9.<\/p>\n\n\n\n<p>&#8222;Brunopolis&#8220; aus der Taufe gehoben. Verein zur Erforschung der Geschichte der Stadt Bruneck und dar\u00fcber hinaus gegr\u00fcndet, in: Dolomiten, 13.03.2020.<\/p>\n\n\n\n<p>L.P., Nasce Brunopolis, un&#8217;associazione per la storia, in: Alto Adige, 08.03.2020.<\/p>\n","protected":false},"excerpt":{"rendered":"<p>Neuer Blick auf die Stadtgeschichte, in: Dolomiten, 24.11.2025. 150 Jahre alte Fotoansichten des Pustertals, in: Dolomiten, 24.02.2024. KunstGarage: c&#8217;\u00e8 Brunopolis, in: Alto Adige, 23.02.2024. L&#8217;Ottocento in Pusteria nelle foto di Lorent, in: Alto Adige, 20.02.2024. Notorischer Politikver\u00e4chter. Der Brunecker B\u00fcrger Paul Tschurtschenthaler \u2013 Eine Lebensskizze von Stefan Lechner. (Teil 3), in: Die neue S\u00fcdtiroler Tageszeitung,&hellip;&nbsp;<a href=\"https:\/\/brunopolis.eu\/de\/it\/stampa\/\" rel=\"bookmark\">Weiterlesen &raquo;<span class=\"screen-reader-text\">Rassegna stampa<\/span><\/a><\/p>\n","protected":false},"author":1,"featured_media":0,"parent":0,"menu_order":0,"comment_status":"closed","ping_status":"closed","template":"","meta":{"neve_meta_sidebar":"","neve_meta_container":"","neve_meta_enable_content_width":"","neve_meta_content_width":0,"neve_meta_title_alignment":"","neve_meta_author_avatar":"","neve_post_elements_order":"","neve_meta_disable_header":"","neve_meta_disable_footer":"","neve_meta_disable_title":"","footnotes":""},"class_list":["post-421","page","type-page","status-publish","hentry"],"_links":{"self":[{"href":"https:\/\/brunopolis.eu\/de\/wp-json\/wp\/v2\/pages\/421","targetHints":{"allow":["GET"]}}],"collection":[{"href":"https:\/\/brunopolis.eu\/de\/wp-json\/wp\/v2\/pages"}],"about":[{"href":"https:\/\/brunopolis.eu\/de\/wp-json\/wp\/v2\/types\/page"}],"author":[{"embeddable":true,"href":"https:\/\/brunopolis.eu\/de\/wp-json\/wp\/v2\/users\/1"}],"replies":[{"embeddable":true,"href":"https:\/\/brunopolis.eu\/de\/wp-json\/wp\/v2\/comments?post=421"}],"version-history":[{"count":10,"href":"https:\/\/brunopolis.eu\/de\/wp-json\/wp\/v2\/pages\/421\/revisions"}],"predecessor-version":[{"id":919,"href":"https:\/\/brunopolis.eu\/de\/wp-json\/wp\/v2\/pages\/421\/revisions\/919"}],"wp:attachment":[{"href":"https:\/\/brunopolis.eu\/de\/wp-json\/wp\/v2\/media?parent=421"}],"curies":[{"name":"wp","href":"https:\/\/api.w.org\/{rel}","templated":true}]}}