{"id":196,"date":"2020-10-08T15:23:28","date_gmt":"2020-10-08T13:23:28","guid":{"rendered":"http:\/\/brunopolis.eu\/de\/?page_id=196"},"modified":"2025-05-21T12:43:58","modified_gmt":"2025-05-21T10:43:58","slug":"kontakt","status":"publish","type":"page","link":"https:\/\/brunopolis.eu\/de\/kontakt\/","title":{"rendered":"Kontakt"},"content":{"rendered":"<div class=\"wp-block-image\">\n<figure class=\"alignright size-full\"><img loading=\"lazy\" decoding=\"async\" width=\"400\" height=\"266\" src=\"http:\/\/brunopolis.eu\/wp-content\/uploads\/2024\/03\/Symbolbild_Kontakt.jpg\" alt=\"\" class=\"wp-image-786\" srcset=\"https:\/\/brunopolis.eu\/wp-content\/uploads\/2024\/03\/Symbolbild_Kontakt.jpg 400w, https:\/\/brunopolis.eu\/wp-content\/uploads\/2024\/03\/Symbolbild_Kontakt-300x200.jpg 300w\" sizes=\"auto, (max-width: 400px) 100vw, 400px\" \/><figcaption class=\"wp-element-caption\"><em>Ansichtskarte, gelaufen, ohne Datierung. Stadtarchiv Bruneck, Sammlung Weissteiner, B 1782. Foto: Stadtarchiv Bruneck.<\/em><\/figcaption><\/figure>\n<\/div>\n\n\n<p><strong>Adresse<\/strong>: \u201eBrunopolis &#8211; Verein f\u00fcr Geschichte\u201c, Alte Stra\u00dfe 6, 39031 Bruneck (BZ)<\/p>\n\n\n\n<p><strong>E-Mail<\/strong>: info(at)brunopolis.eu<\/p>\n\n\n\n<p><strong>Steuernummer<\/strong>: 92068120218<\/p>\n\n\n\n<p><strong>Transparenz<\/strong> (Offenlegung laut Gesetz vom 4. August 2017, Nr. 124, Artikel 1, Komma 125-129): Beitr\u00e4ge f\u00fcr den Verein &#8222;Brunopolis&#8220;:<br>2023: 27.748,35 Euro, Autonome Provinz Bozen &#8211; S\u00fcdtirol.<\/p>\n\n\n\n<p><\/p>\n","protected":false},"excerpt":{"rendered":"<p>Adresse: \u201eBrunopolis &#8211; Verein f\u00fcr Geschichte\u201c, Alte Stra\u00dfe 6, 39031 Bruneck (BZ) E-Mail: info(at)brunopolis.eu Steuernummer: 92068120218 Transparenz (Offenlegung laut Gesetz vom 4. August 2017, Nr. 124, Artikel 1, Komma 125-129): Beitr\u00e4ge f\u00fcr den Verein &#8222;Brunopolis&#8220;:2023: 27.748,35 Euro, Autonome Provinz Bozen &#8211; S\u00fcdtirol.<\/p>\n","protected":false},"author":1,"featured_media":0,"parent":0,"menu_order":0,"comment_status":"closed","ping_status":"closed","template":"","meta":{"neve_meta_sidebar":"","neve_meta_container":"","neve_meta_enable_content_width":"","neve_meta_content_width":0,"neve_meta_title_alignment":"","neve_meta_author_avatar":"","neve_post_elements_order":"","neve_meta_disable_header":"","neve_meta_disable_footer":"","neve_meta_disable_title":"","footnotes":""},"class_list":["post-196","page","type-page","status-publish","hentry"],"_links":{"self":[{"href":"https:\/\/brunopolis.eu\/de\/wp-json\/wp\/v2\/pages\/196","targetHints":{"allow":["GET"]}}],"collection":[{"href":"https:\/\/brunopolis.eu\/de\/wp-json\/wp\/v2\/pages"}],"about":[{"href":"https:\/\/brunopolis.eu\/de\/wp-json\/wp\/v2\/types\/page"}],"author":[{"embeddable":true,"href":"https:\/\/brunopolis.eu\/de\/wp-json\/wp\/v2\/users\/1"}],"replies":[{"embeddable":true,"href":"https:\/\/brunopolis.eu\/de\/wp-json\/wp\/v2\/comments?post=196"}],"version-history":[{"count":9,"href":"https:\/\/brunopolis.eu\/de\/wp-json\/wp\/v2\/pages\/196\/revisions"}],"predecessor-version":[{"id":874,"href":"https:\/\/brunopolis.eu\/de\/wp-json\/wp\/v2\/pages\/196\/revisions\/874"}],"wp:attachment":[{"href":"https:\/\/brunopolis.eu\/de\/wp-json\/wp\/v2\/media?parent=196"}],"curies":[{"name":"wp","href":"https:\/\/api.w.org\/{rel}","templated":true}]}}