{"id":146,"date":"2020-10-08T11:30:25","date_gmt":"2020-10-08T09:30:25","guid":{"rendered":"http:\/\/brunopolis.eu\/?page_id=146"},"modified":"2020-11-01T14:08:33","modified_gmt":"2020-11-01T13:08:33","slug":"lassociazione-2","status":"publish","type":"page","link":"https:\/\/brunopolis.eu\/de\/it\/lassociazione-2\/","title":{"rendered":"L&#8217;associazione"},"content":{"rendered":"\n<div class=\"wp-block-image\"><figure class=\"alignright\"><a href=\"http:\/\/brunopolis.eu\/wp-content\/uploads\/2020\/10\/Ansichtskarte.jpg\"><img loading=\"lazy\" decoding=\"async\" width=\"400\" height=\"253\" src=\"http:\/\/brunopolis.eu\/wp-content\/uploads\/2020\/10\/Ansichtskarte.jpg\" alt=\"\" class=\"wp-image-164\" srcset=\"https:\/\/brunopolis.eu\/wp-content\/uploads\/2020\/10\/Ansichtskarte.jpg 400w, https:\/\/brunopolis.eu\/wp-content\/uploads\/2020\/10\/Ansichtskarte-300x190.jpg 300w\" sizes=\"auto, (max-width: 400px) 100vw, 400px\" \/><\/a><figcaption><em>Cartolina postale, datata 1912.<\/em> <em>\u00a9 Archivio storico della Citt\u00e0 di Brunico.<\/em><\/figcaption><\/figure><\/div>\n\n\n\n<p>1. L\u2019associazione BRUNOPOLIS \u00e8 apartitica e aconfessionale; nella sua attivit\u00e0 istituzionale e associativa si basa su principi democratici, della partecipazione sociale e del volontariato.<\/p>\n\n\n\n<p>2. L\u2019associazione persegue fini improntati alla solidariet\u00e0 e all\u2019utile comune senza scopo di lucro svolgendo attivit\u00e0 esclusivamente o principalmente orientate all\u2019interesse comune a favore di terzi.<\/p>\n\n\n\n<p>3. L\u2019associazione BRUNOPOLIS \u00e8 attiva nel seguente ambito:<\/p>\n\n\n\n<ul class=\"wp-block-list\"><li>Organizzazione e svolgimento di attivit\u00e0 culturali, artistiche o ricreative di interesse sociale incluse attivit\u00e0 editoriali per la promozione e la diffusione della cultura e della prassi del volontariato oltre ad attivit\u00e0 di interesse generale conformi al presente articolo.<\/li><\/ul>\n\n\n\n<p>4. L\u2019associazione BRUNOPOLIS si prefigge i seguenti obiettivi:<\/p>\n\n\n\n<ul class=\"wp-block-list\"><li>Ricerca e divulgazione storica<\/li><\/ul>\n\n\n\n<ul class=\"wp-block-list\"><li>Diffusione dei risultati di ricerche e stimolo dell\u2019interesse per questioni legate alla storia concernenti il comune di Brunico e la regione storicamente ad esso legata, come pure riguardanti elementi ed eventi storici di portata sovraregionale<\/li><\/ul>\n\n\n\n<ul class=\"wp-block-list\"><li>Appoggio a progetti per la conservazione dell\u2019eredit\u00e0 culturale della citt\u00e0 di Brunico e della regione ad essa storicamente legata<\/li><\/ul>\n\n\n\n<ul class=\"wp-block-list\"><li>Impegno per la formazione e cura della consapevolezza culturale legata alla regione sopra menzionata<\/li><\/ul>\n\n\n\n<p><\/p>\n\n\n\n<p><\/p>\n","protected":false},"excerpt":{"rendered":"<p>1. L\u2019associazione BRUNOPOLIS \u00e8 apartitica e aconfessionale; nella sua attivit\u00e0 istituzionale e associativa si basa su principi democratici, della partecipazione sociale e del volontariato. 2. L\u2019associazione persegue fini improntati alla solidariet\u00e0 e all\u2019utile comune senza scopo di lucro svolgendo attivit\u00e0 esclusivamente o principalmente orientate all\u2019interesse comune a favore di terzi. 3. L\u2019associazione BRUNOPOLIS \u00e8 attiva&hellip;&nbsp;<a href=\"https:\/\/brunopolis.eu\/de\/it\/lassociazione-2\/\" rel=\"bookmark\">Weiterlesen &raquo;<span class=\"screen-reader-text\">L&#8217;associazione<\/span><\/a><\/p>\n","protected":false},"author":1,"featured_media":0,"parent":0,"menu_order":0,"comment_status":"closed","ping_status":"closed","template":"","meta":{"neve_meta_sidebar":"","neve_meta_container":"","neve_meta_enable_content_width":"","neve_meta_content_width":0,"neve_meta_title_alignment":"","neve_meta_author_avatar":"","neve_post_elements_order":"","neve_meta_disable_header":"","neve_meta_disable_footer":"","neve_meta_disable_title":"","footnotes":""},"class_list":["post-146","page","type-page","status-publish","hentry"],"_links":{"self":[{"href":"https:\/\/brunopolis.eu\/de\/wp-json\/wp\/v2\/pages\/146","targetHints":{"allow":["GET"]}}],"collection":[{"href":"https:\/\/brunopolis.eu\/de\/wp-json\/wp\/v2\/pages"}],"about":[{"href":"https:\/\/brunopolis.eu\/de\/wp-json\/wp\/v2\/types\/page"}],"author":[{"embeddable":true,"href":"https:\/\/brunopolis.eu\/de\/wp-json\/wp\/v2\/users\/1"}],"replies":[{"embeddable":true,"href":"https:\/\/brunopolis.eu\/de\/wp-json\/wp\/v2\/comments?post=146"}],"version-history":[{"count":10,"href":"https:\/\/brunopolis.eu\/de\/wp-json\/wp\/v2\/pages\/146\/revisions"}],"predecessor-version":[{"id":360,"href":"https:\/\/brunopolis.eu\/de\/wp-json\/wp\/v2\/pages\/146\/revisions\/360"}],"wp:attachment":[{"href":"https:\/\/brunopolis.eu\/de\/wp-json\/wp\/v2\/media?parent=146"}],"curies":[{"name":"wp","href":"https:\/\/api.w.org\/{rel}","templated":true}]}}