{"id":123,"date":"2020-10-05T22:03:31","date_gmt":"2020-10-05T20:03:31","guid":{"rendered":"http:\/\/brunopolis.eu\/?page_id=123"},"modified":"2020-11-01T14:08:04","modified_gmt":"2020-11-01T13:08:04","slug":"mitglied-werden-2","status":"publish","type":"page","link":"https:\/\/brunopolis.eu\/de\/mitglied-werden-2\/","title":{"rendered":"Mitglied werden"},"content":{"rendered":"\n<div class=\"wp-block-image\"><figure class=\"alignright is-resized\"><a href=\"http:\/\/brunopolis.eu\/wp-content\/uploads\/2020\/10\/Regulierung_beim_Binderhaus_auszug.jpg\"><img loading=\"lazy\" decoding=\"async\" src=\"http:\/\/brunopolis.eu\/wp-content\/uploads\/2020\/10\/Regulierung_beim_Binderhaus_auszug-1024x828.jpg\" alt=\"\" class=\"wp-image-161\" width=\"343\" height=\"277\" srcset=\"https:\/\/brunopolis.eu\/wp-content\/uploads\/2020\/10\/Regulierung_beim_Binderhaus_auszug-1024x828.jpg 1024w, https:\/\/brunopolis.eu\/wp-content\/uploads\/2020\/10\/Regulierung_beim_Binderhaus_auszug-300x243.jpg 300w, https:\/\/brunopolis.eu\/wp-content\/uploads\/2020\/10\/Regulierung_beim_Binderhaus_auszug-768x621.jpg 768w, https:\/\/brunopolis.eu\/wp-content\/uploads\/2020\/10\/Regulierung_beim_Binderhaus_auszug.jpg 1198w\" sizes=\"auto, (max-width: 343px) 100vw, 343px\" \/><\/a><figcaption><em>Plan \u00fcber die Regulierung der Stadtgasse beim Binderhaus, aquarellierte Federzeichnung des Maurermeisters Franz Nocker, [1842].<\/em><br><em>\u00a9 Stadtarchiv Bruneck.<\/em><\/figcaption><\/figure><\/div>\n\n\n\n<p>F\u00fcr den Beitritt zum Verein gen\u00fcgt es,<\/p>\n\n\n\n<ul class=\"wp-block-list\"><li>das Beitrittsformular auszuf\u00fcllen und es per Post einzuschicken bzw. einzuscannen und via E-Mail zu \u00fcbermitteln an: <a href=\"mailto:info@brunopolis.eu\">info(at)brunopolis.eu<\/a>.<\/li><\/ul>\n\n\n\n<ul class=\"wp-block-list\"><li>den j\u00e4hrlichen Mitgliedsbeitrag von \u20ac 20,00 zu bezahlen. Alle daf\u00fcr n\u00f6tigen Informationen finden Sie auf dem Beitrittsformular.<\/li><\/ul>\n\n\n\n<p><a href=\"http:\/\/brunopolis.eu\/wp-content\/uploads\/2020\/10\/Beitrittserklaerung.pdf\">Hier k\u00f6nnen Sie das Beitrittsformular herunterladen<\/a>.<\/p>\n","protected":false},"excerpt":{"rendered":"<p>F\u00fcr den Beitritt zum Verein gen\u00fcgt es, das Beitrittsformular auszuf\u00fcllen und es per Post einzuschicken bzw. einzuscannen und via E-Mail zu \u00fcbermitteln an: info(at)brunopolis.eu. den j\u00e4hrlichen Mitgliedsbeitrag von \u20ac 20,00 zu bezahlen. Alle daf\u00fcr n\u00f6tigen Informationen finden Sie auf dem Beitrittsformular. Hier k\u00f6nnen Sie das Beitrittsformular herunterladen.<\/p>\n","protected":false},"author":1,"featured_media":0,"parent":0,"menu_order":0,"comment_status":"closed","ping_status":"closed","template":"","meta":{"neve_meta_sidebar":"","neve_meta_container":"","neve_meta_enable_content_width":"","neve_meta_content_width":0,"neve_meta_title_alignment":"","neve_meta_author_avatar":"","neve_post_elements_order":"","neve_meta_disable_header":"","neve_meta_disable_footer":"","neve_meta_disable_title":"","footnotes":""},"class_list":["post-123","page","type-page","status-publish","hentry"],"_links":{"self":[{"href":"https:\/\/brunopolis.eu\/de\/wp-json\/wp\/v2\/pages\/123","targetHints":{"allow":["GET"]}}],"collection":[{"href":"https:\/\/brunopolis.eu\/de\/wp-json\/wp\/v2\/pages"}],"about":[{"href":"https:\/\/brunopolis.eu\/de\/wp-json\/wp\/v2\/types\/page"}],"author":[{"embeddable":true,"href":"https:\/\/brunopolis.eu\/de\/wp-json\/wp\/v2\/users\/1"}],"replies":[{"embeddable":true,"href":"https:\/\/brunopolis.eu\/de\/wp-json\/wp\/v2\/comments?post=123"}],"version-history":[{"count":10,"href":"https:\/\/brunopolis.eu\/de\/wp-json\/wp\/v2\/pages\/123\/revisions"}],"predecessor-version":[{"id":358,"href":"https:\/\/brunopolis.eu\/de\/wp-json\/wp\/v2\/pages\/123\/revisions\/358"}],"wp:attachment":[{"href":"https:\/\/brunopolis.eu\/de\/wp-json\/wp\/v2\/media?parent=123"}],"curies":[{"name":"wp","href":"https:\/\/api.w.org\/{rel}","templated":true}]}}